{"id":1241,"date":"2025-03-01T17:04:20","date_gmt":"2025-03-01T17:04:20","guid":{"rendered":"https:\/\/bec.syt.temporary.site\/about\/"},"modified":"2025-07-03T08:16:32","modified_gmt":"2025-07-03T08:16:32","slug":"about","status":"publish","type":"page","link":"https:\/\/paloportodos.com\/en\/about\/","title":{"rendered":"About"},"content":{"rendered":"<div data-elementor-type=\"wp-post\" data-elementor-id=\"1241\" class=\"elementor elementor-1241\">\n\t\t\t\t<div class=\"elementor-element elementor-element-c3d6d18 e-flex e-con-boxed e-con e-parent\" data-id=\"c3d6d18\" data-element_type=\"container\" data-e-type=\"container\" data-settings=\"{&quot;background_background&quot;:&quot;classic&quot;}\">\n\t\t\t\t\t<div class=\"e-con-inner\">\n\t\t<div class=\"elementor-element elementor-element-0c0881c e-con-full e-flex e-con e-child\" data-id=\"0c0881c\" data-element_type=\"container\" data-e-type=\"container\">\n\t\t\t\t<div class=\"elementor-element elementor-element-4556331 elementor-widget elementor-widget-heading\" data-id=\"4556331\" data-element_type=\"widget\" data-e-type=\"widget\" data-widget_type=\"heading.default\">\n\t\t\t\t<div class=\"elementor-widget-container\">\n\t\t\t\t\t<h1 class=\"elementor-heading-title elementor-size-default\">ABOUT<\/h1>\t\t\t\t<\/div>\n\t\t\t\t<\/div>\n\t\t\t\t<\/div>\n\t\t\t\t\t<\/div>\n\t\t\t\t<\/div>\n\t\t<div class=\"elementor-element elementor-element-5c60151 e-flex e-con-boxed e-con e-parent\" data-id=\"5c60151\" data-element_type=\"container\" data-e-type=\"container\">\n\t\t\t\t\t<div class=\"e-con-inner\">\n\t\t<div class=\"elementor-element elementor-element-7520c37 e-con-full e-flex e-con e-child\" data-id=\"7520c37\" data-element_type=\"container\" data-e-type=\"container\">\n\t\t\t\t<div class=\"elementor-element elementor-element-9f8a5d6 elementor-widget elementor-widget-heading\" data-id=\"9f8a5d6\" data-element_type=\"widget\" data-e-type=\"widget\" data-widget_type=\"heading.default\">\n\t\t\t\t<div class=\"elementor-widget-container\">\n\t\t\t\t\t<h2 class=\"elementor-heading-title elementor-size-default\">Gon\u00e7alo Monteiro<\/h2>\t\t\t\t<\/div>\n\t\t\t\t<\/div>\n\t\t\t\t<div class=\"elementor-element elementor-element-7654bb3 elementor-widget-divider--view-line elementor-widget elementor-widget-divider\" data-id=\"7654bb3\" data-element_type=\"widget\" data-e-type=\"widget\" data-widget_type=\"divider.default\">\n\t\t\t\t<div class=\"elementor-widget-container\">\n\t\t\t\t\t\t\t<div class=\"elementor-divider\">\n\t\t\t<span class=\"elementor-divider-separator\">\n\t\t\t\t\t\t<\/span>\n\t\t<\/div>\n\t\t\t\t\t\t<\/div>\n\t\t\t\t<\/div>\n\t\t\t\t<div class=\"elementor-element elementor-element-2e33238 elementor-widget elementor-widget-text-editor\" data-id=\"2e33238\" data-element_type=\"widget\" data-e-type=\"widget\" data-widget_type=\"text-editor.default\">\n\t\t\t\t<div class=\"elementor-widget-container\">\n\t\t\t\t\t\t\t\t\t<p style=\"font-size: 16px; font-style: normal; font-weight: 400;\">Hi! My name is Gon\u00e7alo Monteiro, I\u2019m a young man from Lisbon: the city where I was born and raised, and I have an ever-growing, and passion for exploring new countries, cultures, realities, and people.<\/p><p>Since childhood, I\u2019ve always had the ambition to help create a better world for everyone. This passion for discovering the unknown, combined with the impact I want to make, led me to think: \"Why not make an impact while traveling?\"<\/p>\t\t\t\t\t\t\t\t<\/div>\n\t\t\t\t<\/div>\n\t\t\t\t<div class=\"elementor-element elementor-element-55b4521 elementor-align-center elementor-widget elementor-widget-button\" data-id=\"55b4521\" data-element_type=\"widget\" data-e-type=\"widget\" data-widget_type=\"button.default\">\n\t\t\t\t<div class=\"elementor-widget-container\">\n\t\t\t\t\t\t\t\t\t<div class=\"elementor-button-wrapper\">\n\t\t\t\t\t<a class=\"elementor-button elementor-button-link elementor-size-sm\" href=\"https:\/\/paloportodos.com\/en\/o-autor-e-o-projeto\/\">\n\t\t\t\t\t\t<span class=\"elementor-button-content-wrapper\">\n\t\t\t\t\t\t\t\t\t<span class=\"elementor-button-text\">MORE<\/span>\n\t\t\t\t\t<\/span>\n\t\t\t\t\t<\/a>\n\t\t\t\t<\/div>\n\t\t\t\t\t\t\t\t<\/div>\n\t\t\t\t<\/div>\n\t\t\t\t<\/div>\n\t\t<div class=\"elementor-element elementor-element-f3c9811 e-con-full e-flex e-con e-child\" data-id=\"f3c9811\" data-element_type=\"container\" data-e-type=\"container\">\n\t\t\t\t<div class=\"elementor-element elementor-element-bb6be2b elementor-widget__width-initial elementor-widget elementor-widget-image\" data-id=\"bb6be2b\" data-element_type=\"widget\" data-e-type=\"widget\" data-widget_type=\"image.default\">\n\t\t\t\t<div class=\"elementor-widget-container\">\n\t\t\t\t\t\t\t\t\t\t\t\t\t\t\t<img fetchpriority=\"high\" decoding=\"async\" width=\"1200\" height=\"850\" src=\"https:\/\/paloportodos.com\/wp-content\/uploads\/2025\/05\/WhatsApp-Image-2024-04-27-at-23.15.34-3-e1746297879803.jpeg\" class=\"attachment-full size-full wp-image-2425\" alt=\"\" srcset=\"https:\/\/paloportodos.com\/wp-content\/uploads\/2025\/05\/WhatsApp-Image-2024-04-27-at-23.15.34-3-e1746297879803.jpeg 1200w, https:\/\/paloportodos.com\/wp-content\/uploads\/2025\/05\/WhatsApp-Image-2024-04-27-at-23.15.34-3-e1746297879803-300x213.jpeg 300w, https:\/\/paloportodos.com\/wp-content\/uploads\/2025\/05\/WhatsApp-Image-2024-04-27-at-23.15.34-3-e1746297879803-1024x725.jpeg 1024w, https:\/\/paloportodos.com\/wp-content\/uploads\/2025\/05\/WhatsApp-Image-2024-04-27-at-23.15.34-3-e1746297879803-768x544.jpeg 768w\" sizes=\"(max-width: 1200px) 100vw, 1200px\" \/>\t\t\t\t\t\t\t\t\t\t\t\t\t\t\t<\/div>\n\t\t\t\t<\/div>\n\t\t\t\t<\/div>\n\t\t\t\t\t<\/div>\n\t\t\t\t<\/div>\n\t\t<div class=\"elementor-element elementor-element-4f43055 e-flex e-con-boxed e-con e-parent\" data-id=\"4f43055\" data-element_type=\"container\" data-e-type=\"container\">\n\t\t\t\t\t<div class=\"e-con-inner\">\n\t\t<div class=\"elementor-element elementor-element-1e76b35 e-con-full e-flex e-con e-child\" data-id=\"1e76b35\" data-element_type=\"container\" data-e-type=\"container\">\n\t\t\t\t<div class=\"elementor-element elementor-element-b38ddf0 elementor-widget elementor-widget-heading\" data-id=\"b38ddf0\" data-element_type=\"widget\" data-e-type=\"widget\" data-widget_type=\"heading.default\">\n\t\t\t\t<div class=\"elementor-widget-container\">\n\t\t\t\t\t<h2 class=\"elementor-heading-title elementor-size-default\">PA-LO Por Todos!<\/h2>\t\t\t\t<\/div>\n\t\t\t\t<\/div>\n\t\t\t\t<div class=\"elementor-element elementor-element-ea9a5ff elementor-widget-divider--view-line elementor-widget elementor-widget-divider\" data-id=\"ea9a5ff\" data-element_type=\"widget\" data-e-type=\"widget\" data-widget_type=\"divider.default\">\n\t\t\t\t<div class=\"elementor-widget-container\">\n\t\t\t\t\t\t\t<div class=\"elementor-divider\">\n\t\t\t<span class=\"elementor-divider-separator\">\n\t\t\t\t\t\t<\/span>\n\t\t<\/div>\n\t\t\t\t\t\t<\/div>\n\t\t\t\t<\/div>\n\t\t\t\t<div class=\"elementor-element elementor-element-d0afc71 elementor-widget elementor-widget-text-editor\" data-id=\"d0afc71\" data-element_type=\"widget\" data-e-type=\"widget\" data-widget_type=\"text-editor.default\">\n\t\t\t\t<div class=\"elementor-widget-container\">\n\t\t\t\t\t\t\t\t\t<p>PA-LO Por Todos! is a project that will be developed across the five PALOP countries (Portuguese-speaking African countries): Guinea-Bissau, Cape Verde, S\u00e3o Tom\u00e9 and Pr\u00edncipe, Angola, and Mozambique.&nbsp;<\/p>\n<p>In these countries, I aim to create a social, cultural, and environmental impact by promoting sustainability and social responsibility.&nbsp; <span style=\"color: var(--ast-global-color-3); font-style: inherit; font-weight: inherit; text-align: var(--text-align);\">Through volunteer work and personally driven initiatives, the project seeks to inspire, just as it was once inspired.<\/span><\/p>\t\t\t\t\t\t\t\t<\/div>\n\t\t\t\t<\/div>\n\t\t\t\t<div class=\"elementor-element elementor-element-9b5413f elementor-align-center elementor-widget elementor-widget-button\" data-id=\"9b5413f\" data-element_type=\"widget\" data-e-type=\"widget\" data-widget_type=\"button.default\">\n\t\t\t\t<div class=\"elementor-widget-container\">\n\t\t\t\t\t\t\t\t\t<div class=\"elementor-button-wrapper\">\n\t\t\t\t\t<a class=\"elementor-button elementor-button-link elementor-size-sm\" href=\"https:\/\/paloportodos.com\/en\/o-autor-e-o-projeto\/\">\n\t\t\t\t\t\t<span class=\"elementor-button-content-wrapper\">\n\t\t\t\t\t\t\t\t\t<span class=\"elementor-button-text\">MORE<\/span>\n\t\t\t\t\t<\/span>\n\t\t\t\t\t<\/a>\n\t\t\t\t<\/div>\n\t\t\t\t\t\t\t\t<\/div>\n\t\t\t\t<\/div>\n\t\t\t\t<\/div>\n\t\t<div class=\"elementor-element elementor-element-a51dce5 e-con-full e-flex e-con e-child\" data-id=\"a51dce5\" data-element_type=\"container\" data-e-type=\"container\">\n\t\t\t\t<div class=\"elementor-element elementor-element-277e140 elementor-widget elementor-widget-video\" data-id=\"277e140\" data-element_type=\"widget\" data-e-type=\"widget\" data-settings=\"{&quot;video_type&quot;:&quot;hosted&quot;,&quot;autoplay&quot;:&quot;yes&quot;,&quot;loop&quot;:&quot;yes&quot;}\" data-widget_type=\"video.default\">\n\t\t\t\t<div class=\"elementor-widget-container\">\n\t\t\t\t\t\t\t<div class=\"e-hosted-video elementor-wrapper elementor-open-inline\">\n\t\t\t\t\t<video class=\"elementor-video\" src=\"https:\/\/bec.syt.temporary.site\/wp-content\/uploads\/2025\/04\/s4DmtDkz2H2YQZ01j4FK.mp4\" autoplay=\"\" loop=\"\" controlslist=\"nodownload\"><\/video>\n\t\t\t\t<\/div>\n\t\t\t\t\t\t<\/div>\n\t\t\t\t<\/div>\n\t\t\t\t<\/div>\n\t\t\t\t\t<\/div>\n\t\t\t\t<\/div>\n\t\t<div class=\"elementor-element elementor-element-b236710 e-flex e-con-boxed e-con e-parent\" data-id=\"b236710\" data-element_type=\"container\" data-e-type=\"container\">\n\t\t\t\t\t<div class=\"e-con-inner\">\n\t\t\t\t<div class=\"elementor-element elementor-element-8bc1c7d elementor-widget elementor-widget-html\" data-id=\"8bc1c7d\" data-element_type=\"widget\" data-e-type=\"widget\" data-widget_type=\"html.default\">\n\t\t\t\t<div class=\"elementor-widget-container\">\n\t\t\t\t\t<style>\r\n  .flag-icon {\r\n    width: 22px;  \/* Largura um pouco maior *\/\r\n    height: 20px; \/* Altura um pouco maior *\/\r\n    background-color: #424242;\r\n    opacity: 0.6; \/* Opacidade ligeiramente menor *\/\r\n    filter: grayscale(60%) brightness(90%);\r\n    transition: all 0.3s ease;\r\n  }\r\n\r\n  .flag-icon:hover {\r\n    opacity: 1;\r\n    filter: none;\r\n  }\r\n\r\n  .flag-link {\r\n    display: block;\r\n    width: 22px;\r\n    height: 20px;\r\n    margin-bottom: 4px; \/* Espa\u00e7o padr\u00e3o entre as bandeiras *\/\r\n  }\r\n\r\n  \/* Aumenta ligeiramente o espa\u00e7o s\u00f3 no telem\u00f3vel *\/\r\n  @media (max-width: 767px) {\r\n    .flag-link {\r\n      margin-bottom: 6px;\r\n    }\r\n  }\r\n<\/style>\r\n\r\n<li style=\"display:block;width:100px;height:auto;position:fixed;top:300px;left:0px;text-align:center;list-style:none;box-sizing:border-box;z-index:10000;overflow:hidden;float:none;clear:left;\">\r\n  \r\n  <!-- GUIN\u00c9-BISSAU -->\r\n  <a href=\"https:\/\/paloportodos.com\/en\/guine-bissau-2\/\" class=\"flag-link\" target=\"_blank\" rel=\"noopener\">\r\n    <img decoding=\"async\" src=\"https:\/\/flagcdn.com\/w40\/gw.png\" class=\"flag-icon\" style=\"width: 22px; height: 20px;\">\r\n  <\/a>\r\n\r\n  <!-- CABO VERDE -->\r\n  <a href=\"https:\/\/paloportodos.com\/en\/cabo-verde\/\" class=\"flag-link\" target=\"_blank\" rel=\"noopener\">\r\n    <img decoding=\"async\" src=\"https:\/\/flagcdn.com\/w40\/cv.png\" class=\"flag-icon\" style=\"width: 22px; height: 20px;\">\r\n  <\/a>\r\n\r\n  <!-- S\u00c3O TOM\u00c9 E PR\u00cdNCIPE -->\r\n  <a href=\"https:\/\/paloportodos.com\/en\/sao-tome-e-principe\/\" class=\"flag-link\" target=\"_blank\" rel=\"noopener\">\r\n    <img decoding=\"async\" src=\"https:\/\/flagcdn.com\/w40\/st.png\" class=\"flag-icon\" style=\"width: 22px; height: 20px;\">\r\n  <\/a>\r\n\r\n  <!-- ANGOLA -->\r\n  <a href=\"https:\/\/paloportodos.com\/en\/angola\/\" class=\"flag-link\" target=\"_blank\" rel=\"noopener\">\r\n    <img decoding=\"async\" src=\"https:\/\/flagcdn.com\/w40\/ao.png\" class=\"flag-icon\" style=\"width: 22px; height: 20px;\">\r\n  <\/a>\r\n\r\n  <!-- MO\u00c7AMBIQUE -->\r\n  <a href=\"https:\/\/paloportodos.com\/en\/mocambique\/\" class=\"flag-link\" target=\"_blank\" rel=\"noopener\">\r\n    <img decoding=\"async\" src=\"https:\/\/flagcdn.com\/w40\/mz.png\" class=\"flag-icon\" style=\"width: 22px; height: 20px;\">\r\n  <\/a>\r\n\r\n<\/li>\t\t\t\t<\/div>\n\t\t\t\t<\/div>\n\t\t\t\t\t<\/div>\n\t\t\t\t<\/div>\n\t\t\t\t<\/div>","protected":false},"excerpt":{"rendered":"<p>SOBRE Gon\u00e7alo Monteiro Ol\u00e1! Chamo-me Gon\u00e7alo Monteiro, sou um jovem de Lisboa: cidade onde nasci e cresci, e tenho uma paix\u00e3o cada vez mais incessante por explorar novos pa\u00edses, culturas, realidades e pessoas. Desde crian\u00e7a, sempre tive a ambi\u00e7\u00e3o de contribuir para a constru\u00e7\u00e3o de um Mundo melhor para Todos. Esta paix\u00e3o por descobrir o [&hellip;]<\/p>","protected":false},"author":1,"featured_media":0,"parent":0,"menu_order":0,"comment_status":"closed","ping_status":"closed","template":"","meta":{"give_campaign_id":0,"site-sidebar-layout":"no-sidebar","site-content-layout":"page-builder","ast-site-content-layout":"full-width-container","site-content-style":"unboxed","site-sidebar-style":"unboxed","ast-global-header-display":"","ast-banner-title-visibility":"","ast-main-header-display":"","ast-hfb-above-header-display":"","ast-hfb-below-header-display":"","ast-hfb-mobile-header-display":"","site-post-title":"disabled","ast-breadcrumbs-content":"","ast-featured-img":"disabled","footer-sml-layout":"","ast-disable-related-posts":"","theme-transparent-header-meta":"enabled","adv-header-id-meta":"","stick-header-meta":"","header-above-stick-meta":"","header-main-stick-meta":"","header-below-stick-meta":"","astra-migrate-meta-layouts":"set","ast-page-background-enabled":"default","ast-page-background-meta":{"desktop":{"background-color":"","background-image":"","background-repeat":"repeat","background-position":"center center","background-size":"auto","background-attachment":"scroll","background-type":"","background-media":"","overlay-type":"","overlay-color":"","overlay-opacity":"","overlay-gradient":""},"tablet":{"background-color":"","background-image":"","background-repeat":"repeat","background-position":"center center","background-size":"auto","background-attachment":"scroll","background-type":"","background-media":"","overlay-type":"","overlay-color":"","overlay-opacity":"","overlay-gradient":""},"mobile":{"background-color":"","background-image":"","background-repeat":"repeat","background-position":"center center","background-size":"auto","background-attachment":"scroll","background-type":"","background-media":"","overlay-type":"","overlay-color":"","overlay-opacity":"","overlay-gradient":""}},"ast-content-background-meta":{"desktop":{"background-color":"var(--ast-global-color-5)","background-image":"","background-repeat":"repeat","background-position":"center center","background-size":"auto","background-attachment":"scroll","background-type":"","background-media":"","overlay-type":"","overlay-color":"","overlay-opacity":"","overlay-gradient":""},"tablet":{"background-color":"var(--ast-global-color-5)","background-image":"","background-repeat":"repeat","background-position":"center center","background-size":"auto","background-attachment":"scroll","background-type":"","background-media":"","overlay-type":"","overlay-color":"","overlay-opacity":"","overlay-gradient":""},"mobile":{"background-color":"var(--ast-global-color-5)","background-image":"","background-repeat":"repeat","background-position":"center center","background-size":"auto","background-attachment":"scroll","background-type":"","background-media":"","overlay-type":"","overlay-color":"","overlay-opacity":"","overlay-gradient":""}},"footnotes":""},"class_list":["post-1241","page","type-page","status-publish","hentry"],"campaignId":"","_links":{"self":[{"href":"https:\/\/paloportodos.com\/en\/wp-json\/wp\/v2\/pages\/1241","targetHints":{"allow":["GET"]}}],"collection":[{"href":"https:\/\/paloportodos.com\/en\/wp-json\/wp\/v2\/pages"}],"about":[{"href":"https:\/\/paloportodos.com\/en\/wp-json\/wp\/v2\/types\/page"}],"author":[{"embeddable":true,"href":"https:\/\/paloportodos.com\/en\/wp-json\/wp\/v2\/users\/1"}],"replies":[{"embeddable":true,"href":"https:\/\/paloportodos.com\/en\/wp-json\/wp\/v2\/comments?post=1241"}],"version-history":[{"count":20,"href":"https:\/\/paloportodos.com\/en\/wp-json\/wp\/v2\/pages\/1241\/revisions"}],"predecessor-version":[{"id":4569,"href":"https:\/\/paloportodos.com\/en\/wp-json\/wp\/v2\/pages\/1241\/revisions\/4569"}],"wp:attachment":[{"href":"https:\/\/paloportodos.com\/en\/wp-json\/wp\/v2\/media?parent=1241"}],"curies":[{"name":"wp","href":"https:\/\/api.w.org\/{rel}","templated":true}]}}