{"id":1285,"date":"2025-03-03T16:54:39","date_gmt":"2025-03-03T16:54:39","guid":{"rendered":"https:\/\/bec.syt.temporary.site\/?page_id=1285"},"modified":"2025-07-03T08:14:29","modified_gmt":"2025-07-03T08:14:29","slug":"blogue","status":"publish","type":"page","link":"https:\/\/paloportodos.com\/en\/blogue\/","title":{"rendered":"Blog"},"content":{"rendered":"<div data-elementor-type=\"wp-page\" data-elementor-id=\"1285\" class=\"elementor elementor-1285\">\n\t\t\t\t<div class=\"elementor-element elementor-element-9fcfcc1 e-flex e-con-boxed e-con e-parent\" data-id=\"9fcfcc1\" data-element_type=\"container\" data-e-type=\"container\" data-settings=\"{&quot;background_background&quot;:&quot;classic&quot;}\">\n\t\t\t\t\t<div class=\"e-con-inner\">\n\t\t<div class=\"elementor-element elementor-element-fd0b36d e-con-full e-flex e-con e-child\" data-id=\"fd0b36d\" data-element_type=\"container\" data-e-type=\"container\">\n\t\t\t\t<div class=\"elementor-element elementor-element-a52f198 elementor-widget__width-initial elementor-widget elementor-widget-heading\" data-id=\"a52f198\" data-element_type=\"widget\" data-e-type=\"widget\" data-widget_type=\"heading.default\">\n\t\t\t\t<div class=\"elementor-widget-container\">\n\t\t\t\t\t<h1 class=\"elementor-heading-title elementor-size-default\">LAST ARTICLES<\/h1>\t\t\t\t<\/div>\n\t\t\t\t<\/div>\n\t\t\t\t<\/div>\n\t\t\t\t\t<\/div>\n\t\t\t\t<\/div>\n\t\t<div class=\"elementor-element elementor-element-a0890ad e-flex e-con-boxed e-con e-parent\" data-id=\"a0890ad\" data-element_type=\"container\" data-e-type=\"container\" data-settings=\"{&quot;background_background&quot;:&quot;gradient&quot;}\">\n\t\t\t\t\t<div class=\"e-con-inner\">\n\t\t\t\t<div class=\"elementor-element elementor-element-e0fad47 elementor-widget elementor-widget-wp-widget-nav_menu\" data-id=\"e0fad47\" data-element_type=\"widget\" data-e-type=\"widget\" data-widget_type=\"wp-widget-nav_menu.default\">\n\t\t\t\t<div class=\"elementor-widget-container\">\n\t\t\t\t\t<nav class=\"menu-secondary-menu-container\" aria-label=\"Menu\"><ul id=\"menu-secondary-menu\" class=\"menu\"><li id=\"menu-item-1571\" class=\"menu-item menu-item-type-post_type menu-item-object-page menu-item-1571\"><a href=\"https:\/\/paloportodos.com\/en\/guine-bissau-2\/\" class=\"menu-link\">GUINEA-BISSAU<\/a><\/li>\n<li id=\"menu-item-1572\" class=\"menu-item menu-item-type-post_type menu-item-object-page menu-item-1572\"><a href=\"https:\/\/paloportodos.com\/en\/cabo-verde\/\" class=\"menu-link\">CAPE VERDE<\/a><\/li>\n<li id=\"menu-item-1570\" class=\"menu-item menu-item-type-post_type menu-item-object-page menu-item-1570\"><a href=\"https:\/\/paloportodos.com\/en\/sao-tome-e-principe\/\" class=\"menu-link\">S\u00c3O TOM\u00c9 AND PR\u00cdNCIPE<\/a><\/li>\n<li id=\"menu-item-1569\" class=\"menu-item menu-item-type-post_type menu-item-object-page menu-item-1569\"><a href=\"https:\/\/paloportodos.com\/en\/angola\/\" class=\"menu-link\">ANGOLA<\/a><\/li>\n<li id=\"menu-item-1568\" class=\"menu-item menu-item-type-post_type menu-item-object-page menu-item-1568\"><a href=\"https:\/\/paloportodos.com\/en\/mocambique\/\" class=\"menu-link\">MOZAMBIQUE<\/a><\/li>\n<\/ul><\/nav>\t\t\t\t<\/div>\n\t\t\t\t<\/div>\n\t\t\t\t<div class=\"elementor-element elementor-element-7087a2f elementor-widget elementor-widget-ucaddon_post_list\" data-id=\"7087a2f\" data-element_type=\"widget\" data-e-type=\"widget\" data-widget_type=\"ucaddon_post_list.default\">\n\t\t\t\t<div class=\"elementor-widget-container\">\n\t\t\t\t\t\n<!-- start Post List -->\n\t\t<link id='font-awesome-css' href='https:\/\/paloportodos.com\/wp-content\/plugins\/unlimited-elements-for-elementor\/assets_libraries\/font-awesome6\/fontawesome-all.min.css' type='text\/css' rel='stylesheet' >\n\t\t<link id='font-awesome-4-shim-css' href='https:\/\/paloportodos.com\/wp-content\/plugins\/unlimited-elements-for-elementor\/assets_libraries\/font-awesome6\/fontawesome-v4-shims.min.css' type='text\/css' rel='stylesheet' >\n\n<style>\/* widget: Post List *\/\n\n\n\n#uc_post_list_elementor_7087a2f{\n  display:grid;\n}\n\n#uc_post_list_elementor_7087a2f .uc_post_list_image div{\n  background-size:cover;\n  background-position:center;\n}\n\n.uc_post_list .uc_post_list_box{\n\tposition: relative;\n\toverflow: hidden;\n\tdisplay: flex;\n}\n\n#uc_post_list_elementor_7087a2f .uc_post_list_image{\n  flex-grow:0;\n  flex-shrink:0;\n  overflow: hidden;\n}\n\n#uc_post_list_elementor_7087a2f .uc_post_list_image img{\n  width:100%;\n  height:100%;\n  display:block;\n  transition:0.3s;  \n  position: relative;\n  z-index: 1;\n}\n\n.uc_post_list_title a{\n    position: relative;\n    z-index: 1;\n\tcolor: #333333;\n    display: block;\n}\n\n.uc_post_list_date{\n\tfont-size: 12px;\n}\n\n#uc_post_list_elementor_7087a2f .uc_post_list_content{\n  display:flex;\n  flex-direction:column;\n  flex:1;\n}\n\n#uc_post_list_elementor_7087a2f .uc_more_btn{\n  text-align:center;\n  text-decoration:none;\n  transition:0.3s;\n  position: relative;\n  z-index: 1;\n}\n\n#uc_post_list_elementor_7087a2f .button-on-side{\n  display:flex;\n  align-items:center;\n}\n\n#uc_post_list_elementor_7087a2f .ue-grid-item-category{\n  display: flex;\n  align-items: center;\n}\n\n.ue-grid-item-category a{\n  display:inline-block;\n  font-size:10px;\n  text-transform:uppercase;\n  white-space: nowrap;\n}\n\n#uc_post_list_elementor_7087a2f .ue-meta-data{  \n  display:flex;\n  flex-wrap: wrap;\n  line-height:1em;\n}\n\n#uc_post_list_elementor_7087a2f .ue-grid-item-meta-data{\n      display:inline-flex;\n      align-items:center;\n}\n\n.ue-grid-item-meta-data{\n  font-size:12px;\n}\n\n#uc_post_list_elementor_7087a2f .ue-grid-item-meta-data-icon{\n  line-height:1em;\n}\n\n#uc_post_list_elementor_7087a2f .ue-grid-item-meta-data-icon svg{\n  width:1em;\n  height:1em;\n} \n\n#uc_post_list_elementor_7087a2f .ue-debug-meta{\n  padding:10px;\n  border:1px solid red;\n  position:relative;\n  line-height:1.5em;\n  font-size:11px;\n  width:100%;\n}\n\n.uc-remote-parent .uc_post_list_box{\n\tcursor:pointer;\n}\n\n#uc_post_list_elementor_7087a2f .ue-post-link-overlay{\n  display:block;\n  position:absolute;\n  top:0;\n  bottom:0;\n  right:0;\n  left:0;\n}\n\n\n\n\n<\/style>\n\n<div class=\"uc_post_list uc-items-wrapper uc-filterable-grid\" id=\"uc_post_list_elementor_7087a2f\"  data-ajax='true'  data-filterbehave='ajax'  querydata='{&quot;count_posts&quot;:4,&quot;total_posts&quot;:6,&quot;page&quot;:1,&quot;num_pages&quot;:2}' >    \t\n  <div class=\"uc_post_list_box\" data-category=\"Guin\u00e9-Bissau\">\n  \n  \t    <div class=\"uc_post_list_image\">\n      <a href=\"https:\/\/paloportodos.com\/en\/mulheres\/\" target=\"_self\" title=\"The Indispensable Women&#039;s Struggle\">\n          \n            <img loading=\"lazy\" decoding=\"async\" src=\"https:\/\/paloportodos.com\/wp-content\/uploads\/2025\/07\/Design-sem-nome-60-768x576.png\"  alt=\"Design sem nome (60)\" width=\"768\" height=\"576\">\n        \t        \n      <\/a>\n    <\/div>\n  \t\t\n  \n    <div class=\"uc_post_list_content\">\n      <div class=\"uc_post_list_content_inside\">\n        \n                \n             \n        <div class=\"uc_post_list_title\"><a target=\"_self\" href=\"https:\/\/paloportodos.com\/en\/mulheres\/\" title=\"The Indispensable Women&#039;s Struggle\">The Indispensable Women's Struggle<\/a><\/div>                 \n        <div class=\"ue-meta-data\">\n  <div class=\"ue-grid-item-meta-data\"><span class=\"ue-grid-item-meta-data-icon\"><i class=''><\/i><\/span>  July 27, 2025<\/div>               \n                \n            \n              \n              \n  \n      \n<\/div>      \n               \n        <div class=\"uc_post_content\">Por Elas, Por Todos\u00a0 Na Guin\u00e9-Bissau, mas tamb\u00e9m em Portugal, nos Pa\u00edses Baixos, nos Estados Unidos, na Noruega ou no Congo, em todos os pa\u00edses, sem exce\u00e7\u00e3o, as mulheres continuam a ser v\u00edtimas de abusos,...<\/div>                          \n                \n      <\/div>\n    <\/div>\n     \n       \n  \n   <\/div>\n<div class=\"uc_post_list_box\" data-category=\"Guin\u00e9-Bissau\">\n  \n  \t    <div class=\"uc_post_list_image\">\n      <a href=\"https:\/\/paloportodos.com\/en\/os-pequenos-imprescindiveis\/\" target=\"_self\" title=\"The Indispensable Little Ones\">\n          \n            <img loading=\"lazy\" decoding=\"async\" src=\"https:\/\/paloportodos.com\/wp-content\/uploads\/2025\/07\/Design-sem-nome-42-768x576.png\"  alt=\"Design sem nome (42)\" width=\"768\" height=\"576\">\n        \t        \n      <\/a>\n    <\/div>\n  \t\t\n  \n    <div class=\"uc_post_list_content\">\n      <div class=\"uc_post_list_content_inside\">\n        \n                \n             \n        <div class=\"uc_post_list_title\"><a target=\"_self\" href=\"https:\/\/paloportodos.com\/en\/os-pequenos-imprescindiveis\/\" title=\"The Indispensable Little Ones\">The Indispensable Little Ones<\/a><\/div>                 \n        <div class=\"ue-meta-data\">\n  <div class=\"ue-grid-item-meta-data\"><span class=\"ue-grid-item-meta-data-icon\"><i class=''><\/i><\/span>  July 25, 2025<\/div>               \n                \n            \n              \n              \n  \n      \n<\/div>      \n               \n        <div class=\"uc_post_content\">Almas da Guin\u00e9-Bissau As crian\u00e7as s\u00e3o a alma de um povo, de um pa\u00eds e de um planeta. Sem elas, n\u00e3o h\u00e1 alegria, n\u00e3o h\u00e1 esperan\u00e7a e\u00a0n\u00e3o h\u00e1 futuro. Na Guin\u00e9-Bissau, a inoc\u00eancia e a alma genu\u00edna das crian\u00e7as...<\/div>                          \n                \n      <\/div>\n    <\/div>\n     \n       \n  \n   <\/div>\n<div class=\"uc_post_list_box\" data-category=\"Pr\u00e9-Viagem\">\n  \n  \t    <div class=\"uc_post_list_image\">\n      <a href=\"https:\/\/paloportodos.com\/en\/vistos\/\" target=\"_self\" title=\"PALOPianos Visas\">\n          \n            <img loading=\"lazy\" decoding=\"async\" src=\"https:\/\/paloportodos.com\/wp-content\/uploads\/2025\/07\/Design-sem-nome-36-768x576.png\"  alt=\"Design sem nome (36)\" width=\"768\" height=\"576\">\n        \t        \n      <\/a>\n    <\/div>\n  \t\t\n  \n    <div class=\"uc_post_list_content\">\n      <div class=\"uc_post_list_content_inside\">\n        \n                \n             \n        <div class=\"uc_post_list_title\"><a target=\"_self\" href=\"https:\/\/paloportodos.com\/en\/vistos\/\" title=\"PALOPianos Visas\">PALOPianos Visas<\/a><\/div>                 \n        <div class=\"ue-meta-data\">\n  <div class=\"ue-grid-item-meta-data\"><span class=\"ue-grid-item-meta-data-icon\"><i class=''><\/i><\/span>  July 4, 2025<\/div>               \n                \n            \n              \n              \n  \n      \n<\/div>      \n               \n        <div class=\"uc_post_content\">Este artigo baseia-se na minha experi\u00eancia pessoal nas diferentes embaixadas dos PALOP, todas localizadas em Lisboa. No entanto, as informa\u00e7\u00f5es aqui partilhadas aplicam-se, de forma geral, aos consulados...<\/div>                          \n                \n      <\/div>\n    <\/div>\n     \n       \n  \n   <\/div>\n<div class=\"uc_post_list_box\" data-category=\"Pr\u00e9-Viagem\">\n  \n  \t    <div class=\"uc_post_list_image\">\n      <a href=\"https:\/\/paloportodos.com\/en\/seguro-de-viagem\/\" target=\"_self\" title=\"Seguro de Viagem: Simplificar o &quot;Segur\u00eas&quot;\">\n          \n            <img loading=\"lazy\" decoding=\"async\" src=\"https:\/\/paloportodos.com\/wp-content\/uploads\/2025\/06\/Design-sem-nome-29-768x576.png\"  alt=\"Design sem nome (29)\" width=\"768\" height=\"576\">\n        \t        \n      <\/a>\n    <\/div>\n  \t\t\n  \n    <div class=\"uc_post_list_content\">\n      <div class=\"uc_post_list_content_inside\">\n        \n                \n             \n        <div class=\"uc_post_list_title\"><a target=\"_self\" href=\"https:\/\/paloportodos.com\/en\/seguro-de-viagem\/\" title=\"Seguro de Viagem: Simplificar o &quot;Segur\u00eas&quot;\">Seguro de Viagem: Simplificar o \"Segur\u00eas\"<\/a><\/div>                 \n        <div class=\"ue-meta-data\">\n  <div class=\"ue-grid-item-meta-data\"><span class=\"ue-grid-item-meta-data-icon\"><i class=''><\/i><\/span>  June 25, 2025<\/div>               \n                \n            \n              \n              \n  \n      \n<\/div>      \n               \n        <div class=\"uc_post_content\">Seguro de Viagem: um Servi\u00e7o Essencial &#8220;Mais vale Prevenir do que Remediar&#8221; Fazer um seguro de viagem pode parecer um gasto desnecess\u00e1rio. Eu pr\u00f3prio j\u00e1 pensei assim e arrisquei: na minha viagem...<\/div>                          \n                \n      <\/div>\n    <\/div>\n     \n       \n  \n   <\/div>\n\n<\/div>\n\n\n  <div id=\"uc_post_list_elementor_7087a2f_empty_message\" class=\"ue-no-posts-found\"  style=\"display:none\" >Articles not found<\/div>\n\n\n<!-- end Post List -->\t\t\t\t<\/div>\n\t\t\t\t<\/div>\n\t\t\t\t\t<\/div>\n\t\t\t\t<\/div>\n\t\t<div class=\"elementor-element elementor-element-b935179 e-flex e-con-boxed e-con e-parent\" data-id=\"b935179\" data-element_type=\"container\" data-e-type=\"container\">\n\t\t\t\t\t<div class=\"e-con-inner\">\n\t\t\t\t<div class=\"elementor-element elementor-element-708b9e7 elementor-widget elementor-widget-ucaddon_archive_pagination\" data-id=\"708b9e7\" data-element_type=\"widget\" data-e-type=\"widget\" data-widget_type=\"ucaddon_archive_pagination.default\">\n\t\t\t\t<div class=\"elementor-widget-container\">\n\t\t\t\t\t\n<!-- start Post Pagination -->\n\n<style>\/* widget: Post Pagination *\/\n\n#uc_archive_pagination_elementor_708b9e7 nav\n{\n  padding:0px;\n  margin:0px;\n}\n\n#uc_archive_pagination_elementor_708b9e7 \n{\n  display:flex;\n  flex-wrap: wrap;\n  justify-content:center;\n}\n\n#uc_archive_pagination_elementor_708b9e7 .nav-links\n{\n  display:flex;\n  justify-content:center;\n}\n\n#uc_archive_pagination_elementor_708b9e7 .nav-links > *\n{\n}\n\n#uc_archive_pagination_elementor_708b9e7 .page-numbers\n{\n  display:flex;\n  \n  align-items:center;\n  justify-content:center;\n  transition:0.3s;\n  line-height:1em;\n}\n\n\n#uc_archive_pagination_elementor_708b9e7 a.page-numbers, #uc_archive_pagination_elementor_708b9e7 .dots\n{\n  color:#163624;\n  background-color:;\n}\n\n#uc_archive_pagination_elementor_708b9e7 a.page-numbers:hover\n{\n  color:#6E6E6E;\n  background-color:#eeeeee;\n}\n\n#uc_archive_pagination_elementor_708b9e7 .page-numbers.current,\n#uc_archive_pagination_elementor_708b9e7 .page-numbers.current:hover\n{\n  background-color:#163624;\n  color:#ffffff;\n}\n\n\n#uc_archive_pagination_elementor_708b9e7 .page-numbers.prev, #uc_archive_pagination_elementor_708b9e7 .page-numbers.next\n{\n  padding-left:15px;\n  padding-right:15px;\n}\n\n\n\n#uc_archive_pagination_elementor_708b9e7 .prev:before {\n   font-family: \"Font Awesome 5 Free\";\n   content: \"\\f053\";\n   display: inline-block;\n   vertical-align: middle;\n   font-weight: 900;\n   }\n\n#uc_archive_pagination_elementor_708b9e7 .next:after {\n   font-family: \"Font Awesome 5 Free\";\n   content: \"\\f054\";\n   display: inline-block;\n   vertical-align: middle;\n   font-weight: 900;\n   }\n\n#uc_archive_pagination_elementor_708b9e7.uc-ajax-loading{\n\topacity:1 !important;\n}\n\n#uc_archive_pagination_elementor_708b9e7.uc-ajax-loading .current{\n\tposition:relative;\n    overflow:hidden;\n}\n\n\n#uc_archive_pagination_elementor_708b9e7.uc-ajax-loading .current:before{\n  content: \"\";\n  display:block;\n  width:100%;\n  height:100%;\n  box-sizing:border-box;\n  position:absolute;\n  top:0px;\n  left:0px;\n  background-color: #c2c2c2;\n  animation: uc-spinning-border 0.5s linear infinite;\n  opacity:50%;\n  border-radius:inherit;\n}\n\n@keyframes uc-spinning-border {\n\t0%{transform: scale(0);}\n\t100%{transform: scale(1); }\t\n}\n\n\n\n<\/style>\n\n<div id=\"uc_archive_pagination_elementor_708b9e7\" class=\"archive_pagination uc-filter-pagination\">\n<span aria-current=\"page\" class=\"page-numbers current\">1<\/span>\n<a class=\"page-numbers\" href=\"https:\/\/paloportodos.com\/en\/blogue\/2\/\" data-e-disable-page-transition=\"true\">2<\/a>\n<a class=\"next page-numbers\" href=\"https:\/\/paloportodos.com\/en\/blogue\/2\/\" data-e-disable-page-transition=\"true\"><\/a>\n<\/div>\n<!-- end Post Pagination -->\t\t\t\t<\/div>\n\t\t\t\t<\/div>\n\t\t\t\t\t<\/div>\n\t\t\t\t<\/div>\n\t\t\t\t<\/div>","protected":false},"excerpt":{"rendered":"<p>\u00daltimos Artigos Seguro de Viagem: Simplificar o &#8220;Segur\u00eas&#8221; June 25, 2025 Seguro de Viagem: um Servi\u00e7o Essencial &#8220;Mais vale Prevenir do que Remediar&#8221; Fazer um seguro de viagem pode parecer um gasto desnecess\u00e1rio. Eu pr\u00f3prio j\u00e1 pensei assim e arrisquei: na minha viagem&#8230; Coursera, Fotografia e YouTube: Cursos que Fazem a Diferen\u00e7a June 19, 2025 [&hellip;]<\/p>","protected":false},"author":1,"featured_media":0,"parent":0,"menu_order":0,"comment_status":"closed","ping_status":"closed","template":"","meta":{"give_campaign_id":0,"site-sidebar-layout":"no-sidebar","site-content-layout":"page-builder","ast-site-content-layout":"full-width-container","site-content-style":"default","site-sidebar-style":"default","ast-global-header-display":"","ast-banner-title-visibility":"","ast-main-header-display":"","ast-hfb-above-header-display":"","ast-hfb-below-header-display":"","ast-hfb-mobile-header-display":"","site-post-title":"disabled","ast-breadcrumbs-content":"","ast-featured-img":"disabled","footer-sml-layout":"","ast-disable-related-posts":"","theme-transparent-header-meta":"enabled","adv-header-id-meta":"","stick-header-meta":"","header-above-stick-meta":"","header-main-stick-meta":"","header-below-stick-meta":"","astra-migrate-meta-layouts":"set","ast-page-background-enabled":"default","ast-page-background-meta":{"desktop":{"background-color":"","background-image":"","background-repeat":"repeat","background-position":"center center","background-size":"auto","background-attachment":"scroll","background-type":"","background-media":"","overlay-type":"","overlay-color":"","overlay-opacity":"","overlay-gradient":""},"tablet":{"background-color":"","background-image":"","background-repeat":"repeat","background-position":"center center","background-size":"auto","background-attachment":"scroll","background-type":"","background-media":"","overlay-type":"","overlay-color":"","overlay-opacity":"","overlay-gradient":""},"mobile":{"background-color":"","background-image":"","background-repeat":"repeat","background-position":"center center","background-size":"auto","background-attachment":"scroll","background-type":"","background-media":"","overlay-type":"","overlay-color":"","overlay-opacity":"","overlay-gradient":""}},"ast-content-background-meta":{"desktop":{"background-color":"var(--ast-global-color-5)","background-image":"","background-repeat":"repeat","background-position":"center center","background-size":"auto","background-attachment":"scroll","background-type":"","background-media":"","overlay-type":"","overlay-color":"","overlay-opacity":"","overlay-gradient":""},"tablet":{"background-color":"var(--ast-global-color-5)","background-image":"","background-repeat":"repeat","background-position":"center center","background-size":"auto","background-attachment":"scroll","background-type":"","background-media":"","overlay-type":"","overlay-color":"","overlay-opacity":"","overlay-gradient":""},"mobile":{"background-color":"var(--ast-global-color-5)","background-image":"","background-repeat":"repeat","background-position":"center center","background-size":"auto","background-attachment":"scroll","background-type":"","background-media":"","overlay-type":"","overlay-color":"","overlay-opacity":"","overlay-gradient":""}},"footnotes":""},"class_list":["post-1285","page","type-page","status-publish","hentry"],"campaignId":"","_links":{"self":[{"href":"https:\/\/paloportodos.com\/en\/wp-json\/wp\/v2\/pages\/1285","targetHints":{"allow":["GET"]}}],"collection":[{"href":"https:\/\/paloportodos.com\/en\/wp-json\/wp\/v2\/pages"}],"about":[{"href":"https:\/\/paloportodos.com\/en\/wp-json\/wp\/v2\/types\/page"}],"author":[{"embeddable":true,"href":"https:\/\/paloportodos.com\/en\/wp-json\/wp\/v2\/users\/1"}],"replies":[{"embeddable":true,"href":"https:\/\/paloportodos.com\/en\/wp-json\/wp\/v2\/comments?post=1285"}],"version-history":[{"count":20,"href":"https:\/\/paloportodos.com\/en\/wp-json\/wp\/v2\/pages\/1285\/revisions"}],"predecessor-version":[{"id":4560,"href":"https:\/\/paloportodos.com\/en\/wp-json\/wp\/v2\/pages\/1285\/revisions\/4560"}],"wp:attachment":[{"href":"https:\/\/paloportodos.com\/en\/wp-json\/wp\/v2\/media?parent=1285"}],"curies":[{"name":"wp","href":"https:\/\/api.w.org\/{rel}","templated":true}]}}