{"id":1999,"date":"2025-04-11T22:32:53","date_gmt":"2025-04-11T22:32:53","guid":{"rendered":"https:\/\/bec.syt.temporary.site\/?page_id=1999"},"modified":"2025-07-03T08:15:51","modified_gmt":"2025-07-03T08:15:51","slug":"parcerias","status":"publish","type":"page","link":"https:\/\/paloportodos.com\/en\/parcerias\/","title":{"rendered":"Partnerships"},"content":{"rendered":"<div data-elementor-type=\"wp-page\" data-elementor-id=\"1999\" class=\"elementor elementor-1999\">\n\t\t\t\t<div class=\"elementor-element elementor-element-c6e1ac9 e-flex e-con-boxed e-con e-parent\" data-id=\"c6e1ac9\" data-element_type=\"container\" data-e-type=\"container\" data-settings=\"{&quot;background_background&quot;:&quot;classic&quot;}\">\n\t\t\t\t\t<div class=\"e-con-inner\">\n\t\t<div class=\"elementor-element elementor-element-0ece58e e-con-full e-flex e-con e-child\" data-id=\"0ece58e\" data-element_type=\"container\" data-e-type=\"container\">\n\t\t\t\t<div class=\"elementor-element elementor-element-aca18ac elementor-widget elementor-widget-heading\" data-id=\"aca18ac\" data-element_type=\"widget\" data-e-type=\"widget\" data-widget_type=\"heading.default\">\n\t\t\t\t<div class=\"elementor-widget-container\">\n\t\t\t\t\t<h1 class=\"elementor-heading-title elementor-size-default\">PARTNERSHIPS<\/h1>\t\t\t\t<\/div>\n\t\t\t\t<\/div>\n\t\t\t\t<\/div>\n\t\t\t\t\t<\/div>\n\t\t\t\t<\/div>\n\t\t<div class=\"elementor-element elementor-element-76d7efa e-con-full e-flex e-con e-parent\" data-id=\"76d7efa\" data-element_type=\"container\" data-e-type=\"container\">\n\t\t\t\t<div class=\"elementor-element elementor-element-a4573a6 elementor-widget elementor-widget-text-editor\" data-id=\"a4573a6\" data-element_type=\"widget\" data-e-type=\"widget\" data-widget_type=\"text-editor.default\">\n\t\t\t\t<div class=\"elementor-widget-container\">\n\t\t\t\t\t\t\t\t\t<p>There are several brands that trust this project. To all of them, I offer my heartfelt thanks. With the products and services provided to me, and through their innovation, usefulness, and adaptability, I will be able to improve the content and quality of PA-LO Por Todos!<span style=\"font-style: inherit; font-weight: inherit;\">&nbsp;<\/span><\/p>\n<p>Because I consider their use relevant for both short and long trips , during gap years or weekend getaways, for solo travel or large group adventures, in remote areas or big cities, I\u2019m sharing my personal experience with each one. Scroll through and you\u2019ll learn how to use them and the difference you\u2019re making by aligning yourself with companies that share the same values of creating a positive impact around the world.<\/p>\n<p class=\"translation-block\">If your brand or company shares the values of sustainability and social responsibility and you want to be part of this project, don\u2019t hesitate: <a href=\"https:\/\/paloportodos.com\/en\/contact\/\" target=\"_self\"><u>contact me<\/u><\/a>!<\/p>\t\t\t\t\t\t\t\t<\/div>\n\t\t\t\t<\/div>\n\t\t\t\t<\/div>\n\t\t<div class=\"elementor-element elementor-element-6baca30 e-flex e-con-boxed e-con e-parent\" data-id=\"6baca30\" data-element_type=\"container\" data-e-type=\"container\">\n\t\t\t\t\t<div class=\"e-con-inner\">\n\t\t\t\t<div class=\"elementor-element elementor-element-ba923cc elementor-widget elementor-widget-shortcode\" data-id=\"ba923cc\" data-element_type=\"widget\" data-e-type=\"widget\" data-widget_type=\"shortcode.default\">\n\t\t\t\t<div class=\"elementor-widget-container\">\n\t\t\t\t\t\t\t<div class=\"elementor-shortcode\"><\/div>\n\t\t\t\t\t\t<\/div>\n\t\t\t\t<\/div>\n\t\t\t\t\t<\/div>\n\t\t\t\t<\/div>\n\t\t<div class=\"elementor-element elementor-element-c1b3f37 e-flex e-con-boxed e-con e-parent\" data-id=\"c1b3f37\" data-element_type=\"container\" data-e-type=\"container\">\n\t\t\t\t\t<div class=\"e-con-inner\">\n\t\t\t\t<div class=\"elementor-element elementor-element-9b0e2c2 elementor-widget__width-initial elementor-widget elementor-widget-gs-logo-slider\" data-id=\"9b0e2c2\" data-element_type=\"widget\" data-e-type=\"widget\" data-widget_type=\"gs-logo-slider.default\">\n\t\t\t\t<div class=\"elementor-widget-container\">\n\t\t\t\t\t\t\n\t\t<div id=\"gs_logo_area_50\" class=\"gs_logo_area gs_logo_area_50 slider1\" style=\"opacity: 0; visibility: hidden;\">\n\t\t\t<div class=\"gs_logo_area--inner\">\n\t\n\t\t\t\t\n<div class=\"gs_logo_container gs_carousel_swiper gs_logo_fix_height_and_center\" data-carousel-config='{\"direction\":\"horizontal\",\"speed\":10000,\"isAutoplay\":true,\"autoplayDelay\":0,\"loop\":true,\"pauseOnHover\":true,\"ticker\":false,\"navs\":false,\"navs_pos\":\"bottom\",\"dots\":false,\"dynamic_dots\":true,\"slideSpace\":10,\"slidesPerGroup\":10,\"desktopLogos\":5,\"tabletLogos\":3,\"mobileLogos\":2,\"reverseDirection\":false}'>\n\n\t\n\t\t\n\t\t\t<div class=\"gs_logo_single--wrapper\">\n\t\t\t\t<div class=\"gs_logo_single\">\n\n\t\t\t\t\t<!-- Logo Img -->\n\t\t\t\t\t<a href=\"https:\/\/www.lasportiva.com\/pt\/\" target=\"_blank\" rel=\"noopener\"><img decoding=\"async\" width=\"300\" height=\"120\" src=\"https:\/\/paloportodos.com\/wp-content\/uploads\/2025\/05\/LS_logo_NoPayoff_on-white-300x120.png\" class=\"gray_to_def  gs-logo--img wp-post-image\" alt=\"\" title=\"La Sportiva\" srcset=\"https:\/\/paloportodos.com\/wp-content\/uploads\/2025\/05\/LS_logo_NoPayoff_on-white-300x120.png 300w, https:\/\/paloportodos.com\/wp-content\/uploads\/2025\/05\/LS_logo_NoPayoff_on-white-1024x408.png 1024w, https:\/\/paloportodos.com\/wp-content\/uploads\/2025\/05\/LS_logo_NoPayoff_on-white-768x306.png 768w, https:\/\/paloportodos.com\/wp-content\/uploads\/2025\/05\/LS_logo_NoPayoff_on-white-18x7.png 18w, https:\/\/paloportodos.com\/wp-content\/uploads\/2025\/05\/LS_logo_NoPayoff_on-white.png 1063w\" sizes=\"(max-width: 300px) 100vw, 300px\" \/><\/a>\n\t\t\t\t\t<!-- Logo Title -->\n\t\t\t\t\t\t\t\t\t\t\n\t\t\t\t\t<!-- Logo Category -->\n\t\t\t\t\t\t\t\t\t\t\n\t\t\t\t<\/div>\n\t\t\t<\/div>\n\n\t\t\n\t\t\t<div class=\"gs_logo_single--wrapper\">\n\t\t\t\t<div class=\"gs_logo_single\">\n\n\t\t\t\t\t<!-- Logo Img -->\n\t\t\t\t\t<a href=\"https:\/\/www.kfconcept.com\/\" target=\"_blank\" rel=\"noopener\"><img decoding=\"async\" width=\"300\" height=\"73\" src=\"https:\/\/paloportodos.com\/wp-content\/uploads\/2025\/05\/Kentfaith-2-300x73.png\" class=\"gray_to_def  gs-logo--img wp-post-image\" alt=\"\" title=\"Kentfaith\" srcset=\"https:\/\/paloportodos.com\/wp-content\/uploads\/2025\/05\/Kentfaith-2-300x73.png 300w, https:\/\/paloportodos.com\/wp-content\/uploads\/2025\/05\/Kentfaith-2-1024x250.png 1024w, https:\/\/paloportodos.com\/wp-content\/uploads\/2025\/05\/Kentfaith-2-768x188.png 768w, https:\/\/paloportodos.com\/wp-content\/uploads\/2025\/05\/Kentfaith-2-1536x375.png 1536w, https:\/\/paloportodos.com\/wp-content\/uploads\/2025\/05\/Kentfaith-2-2048x501.png 2048w, https:\/\/paloportodos.com\/wp-content\/uploads\/2025\/05\/Kentfaith-2-18x4.png 18w\" sizes=\"(max-width: 300px) 100vw, 300px\" \/><\/a>\n\t\t\t\t\t<!-- Logo Title -->\n\t\t\t\t\t\t\t\t\t\t\n\t\t\t\t\t<!-- Logo Category -->\n\t\t\t\t\t\t\t\t\t\t\n\t\t\t\t<\/div>\n\t\t\t<\/div>\n\n\t\t\n\t\t\t<div class=\"gs_logo_single--wrapper\">\n\t\t\t\t<div class=\"gs_logo_single\">\n\n\t\t\t\t\t<!-- Logo Img -->\n\t\t\t\t\t<a href=\"https:\/\/teefactory.pt\/\" target=\"_blank\" rel=\"noopener\"><img decoding=\"async\" width=\"300\" height=\"80\" src=\"https:\/\/paloportodos.com\/wp-content\/uploads\/2025\/05\/unnamed-300x80.png\" class=\"gray_to_def  gs-logo--img wp-post-image\" alt=\"\" title=\"Teefactory\" srcset=\"https:\/\/paloportodos.com\/wp-content\/uploads\/2025\/05\/unnamed-300x80.png 300w, https:\/\/paloportodos.com\/wp-content\/uploads\/2025\/05\/unnamed-1024x272.png 1024w, https:\/\/paloportodos.com\/wp-content\/uploads\/2025\/05\/unnamed-768x204.png 768w, https:\/\/paloportodos.com\/wp-content\/uploads\/2025\/05\/unnamed-1536x409.png 1536w, https:\/\/paloportodos.com\/wp-content\/uploads\/2025\/05\/unnamed-2048x545.png 2048w, https:\/\/paloportodos.com\/wp-content\/uploads\/2025\/05\/unnamed-18x5.png 18w\" sizes=\"(max-width: 300px) 100vw, 300px\" \/><\/a>\n\t\t\t\t\t<!-- Logo Title -->\n\t\t\t\t\t\t\t\t\t\t\n\t\t\t\t\t<!-- Logo Category -->\n\t\t\t\t\t\t\t\t\t\t\n\t\t\t\t<\/div>\n\t\t\t<\/div>\n\n\t\t\n\t\t\t<div class=\"gs_logo_single--wrapper\">\n\t\t\t\t<div class=\"gs_logo_single\">\n\n\t\t\t\t\t<!-- Logo Img -->\n\t\t\t\t\t<a href=\"https:\/\/esim.holafly.com\/pt\/?irclickid=RIiVCEwZ5xycTxWzwyxscS0HUksVosVlNz3F0Y0&discount=IONE&utm_source=affiliate&utm_medium=ionepelomundo&utm_campaign=6245693&irgwc=1&tw_source=impact&tw_campaign=6245693&tw_term=2006335\" target=\"_blank\" rel=\"noopener\"><img loading=\"lazy\" decoding=\"async\" width=\"300\" height=\"105\" src=\"https:\/\/paloportodos.com\/wp-content\/uploads\/2025\/05\/holafly-logo.svg\" class=\"gray_to_def  gs-logo--img wp-post-image\" alt=\"\" title=\"Holafly\" \/><\/a>\n\t\t\t\t\t<!-- Logo Title -->\n\t\t\t\t\t\t\t\t\t\t\n\t\t\t\t\t<!-- Logo Category -->\n\t\t\t\t\t\t\t\t\t\t\n\t\t\t\t<\/div>\n\t\t\t<\/div>\n\n\t\t\n\t\t\t<div class=\"gs_logo_single--wrapper\">\n\t\t\t\t<div class=\"gs_logo_single\">\n\n\t\t\t\t\t<!-- Logo Img -->\n\t\t\t\t\t<a href=\"https:\/\/www.vegerpower.com\/\" target=\"_blank\" rel=\"noopener\"><img loading=\"lazy\" decoding=\"async\" width=\"240\" height=\"36\" src=\"https:\/\/paloportodos.com\/wp-content\/uploads\/2025\/05\/VEGER_LOGO.avif\" class=\"gray_to_def  gs-logo--img wp-post-image\" alt=\"\" title=\"VEGER\" \/><\/a>\n\t\t\t\t\t<!-- Logo Title -->\n\t\t\t\t\t\t\t\t\t\t\n\t\t\t\t\t<!-- Logo Category -->\n\t\t\t\t\t\t\t\t\t\t\n\t\t\t\t<\/div>\n\t\t\t<\/div>\n\n\t\t\n\t\t\t<div class=\"gs_logo_single--wrapper\">\n\t\t\t\t<div class=\"gs_logo_single\">\n\n\t\t\t\t\t<!-- Logo Img -->\n\t\t\t\t\t<a href=\"https:\/\/www.8000kicks.com\/\" target=\"_blank\" rel=\"noopener\"><img loading=\"lazy\" decoding=\"async\" width=\"300\" height=\"170\" src=\"https:\/\/paloportodos.com\/wp-content\/uploads\/2025\/05\/rsz_8000kicks_logo_beige_logo_440px-300x170.webp\" class=\"gray_to_def  gs-logo--img wp-post-image\" alt=\"\" title=\"8000 Kicks\" srcset=\"https:\/\/paloportodos.com\/wp-content\/uploads\/2025\/05\/rsz_8000kicks_logo_beige_logo_440px-300x170.webp 300w, https:\/\/paloportodos.com\/wp-content\/uploads\/2025\/05\/rsz_8000kicks_logo_beige_logo_440px.webp 440w\" sizes=\"(max-width: 300px) 100vw, 300px\" \/><\/a>\n\t\t\t\t\t<!-- Logo Title -->\n\t\t\t\t\t\t\t\t\t\t\n\t\t\t\t\t<!-- Logo Category -->\n\t\t\t\t\t\t\t\t\t\t\n\t\t\t\t<\/div>\n\t\t\t<\/div>\n\n\t\t\n\t\t\t<div class=\"gs_logo_single--wrapper\">\n\t\t\t\t<div class=\"gs_logo_single\">\n\n\t\t\t\t\t<!-- Logo Img -->\n\t\t\t\t\t<a href=\"https:\/\/thescrubba.online\/\" target=\"_blank\" rel=\"noopener\"><img loading=\"lazy\" decoding=\"async\" width=\"300\" height=\"157\" src=\"https:\/\/paloportodos.com\/wp-content\/uploads\/2025\/04\/Scrubba_Logo_Sharing_Image-300x157.webp\" class=\"gray_to_def  gs-logo--img wp-post-image\" alt=\"\" title=\"Scrubba\" srcset=\"https:\/\/paloportodos.com\/wp-content\/uploads\/2025\/04\/Scrubba_Logo_Sharing_Image-300x157.webp 300w, https:\/\/paloportodos.com\/wp-content\/uploads\/2025\/04\/Scrubba_Logo_Sharing_Image-1024x536.webp 1024w, https:\/\/paloportodos.com\/wp-content\/uploads\/2025\/04\/Scrubba_Logo_Sharing_Image-768x402.webp 768w, https:\/\/paloportodos.com\/wp-content\/uploads\/2025\/04\/Scrubba_Logo_Sharing_Image-e1744413072749.webp 268w\" sizes=\"(max-width: 300px) 100vw, 300px\" \/><\/a>\n\t\t\t\t\t<!-- Logo Title -->\n\t\t\t\t\t\t\t\t\t\t\n\t\t\t\t\t<!-- Logo Category -->\n\t\t\t\t\t\t\t\t\t\t\n\t\t\t\t<\/div>\n\t\t\t<\/div>\n\n\t\t\n\t\t\t<div class=\"gs_logo_single--wrapper\">\n\t\t\t\t<div class=\"gs_logo_single\">\n\n\t\t\t\t\t<!-- Logo Img -->\n\t\t\t\t\t<a href=\"https:\/\/suntribesunscreen.com\/\" target=\"_blank\" rel=\"noopener\"><img loading=\"lazy\" decoding=\"async\" width=\"300\" height=\"111\" src=\"https:\/\/paloportodos.com\/wp-content\/uploads\/2025\/04\/cropped-Suntribe-2025-Wordmark-White-Backgrounds-300x111.png\" class=\"gray_to_def  gs-logo--img wp-post-image\" alt=\"\" title=\"Suntribe Sunscreen\" srcset=\"https:\/\/paloportodos.com\/wp-content\/uploads\/2025\/04\/cropped-Suntribe-2025-Wordmark-White-Backgrounds-300x111.png 300w, https:\/\/paloportodos.com\/wp-content\/uploads\/2025\/04\/cropped-Suntribe-2025-Wordmark-White-Backgrounds-1024x378.png 1024w, https:\/\/paloportodos.com\/wp-content\/uploads\/2025\/04\/cropped-Suntribe-2025-Wordmark-White-Backgrounds-768x284.png 768w, https:\/\/paloportodos.com\/wp-content\/uploads\/2025\/04\/cropped-Suntribe-2025-Wordmark-White-Backgrounds-1536x567.png 1536w, https:\/\/paloportodos.com\/wp-content\/uploads\/2025\/04\/cropped-Suntribe-2025-Wordmark-White-Backgrounds-e1744412716722.png 379w\" sizes=\"(max-width: 300px) 100vw, 300px\" \/><\/a>\n\t\t\t\t\t<!-- Logo Title -->\n\t\t\t\t\t\t\t\t\t\t\n\t\t\t\t\t<!-- Logo Category -->\n\t\t\t\t\t\t\t\t\t\t\n\t\t\t\t<\/div>\n\t\t\t<\/div>\n\n\t\t\n\t\t\t<div class=\"gs_logo_single--wrapper\">\n\t\t\t\t<div class=\"gs_logo_single\">\n\n\t\t\t\t\t<!-- Logo Img -->\n\t\t\t\t\t<a href=\"https:\/\/www.sandramonteiroseguros.pt\/\" target=\"_blank\" rel=\"noopener\"><img loading=\"lazy\" decoding=\"async\" width=\"300\" height=\"110\" src=\"https:\/\/paloportodos.com\/wp-content\/uploads\/2025\/04\/s5_logo-300x110.png\" class=\"gray_to_def  gs-logo--img wp-post-image\" alt=\"\" title=\"Sandra Monteiro Seguros\" srcset=\"https:\/\/paloportodos.com\/wp-content\/uploads\/2025\/04\/s5_logo-300x110.png 300w, https:\/\/paloportodos.com\/wp-content\/uploads\/2025\/04\/s5_logo.png 394w\" sizes=\"(max-width: 300px) 100vw, 300px\" \/><\/a>\n\t\t\t\t\t<!-- Logo Title -->\n\t\t\t\t\t\t\t\t\t\t\n\t\t\t\t\t<!-- Logo Category -->\n\t\t\t\t\t\t\t\t\t\t\n\t\t\t\t<\/div>\n\t\t\t<\/div>\n\n\t\t\n\t\t\t<div class=\"gs_logo_single--wrapper\">\n\t\t\t\t<div class=\"gs_logo_single\">\n\n\t\t\t\t\t<!-- Logo Img -->\n\t\t\t\t\t<a href=\"https:\/\/www.pagongo.com\/\" target=\"_blank\" rel=\"noopener\"><img loading=\"lazy\" decoding=\"async\" width=\"300\" height=\"128\" src=\"https:\/\/paloportodos.com\/wp-content\/uploads\/2025\/04\/PAGONGO_LOGO_COMPLETO_DEF-1-300x128.jpg\" class=\"gray_to_def  gs-logo--img wp-post-image\" alt=\"\" title=\"PAGONGO\" srcset=\"https:\/\/paloportodos.com\/wp-content\/uploads\/2025\/04\/PAGONGO_LOGO_COMPLETO_DEF-1-300x128.jpg 300w, https:\/\/paloportodos.com\/wp-content\/uploads\/2025\/04\/PAGONGO_LOGO_COMPLETO_DEF-1-1024x438.jpg 1024w, https:\/\/paloportodos.com\/wp-content\/uploads\/2025\/04\/PAGONGO_LOGO_COMPLETO_DEF-1-768x328.jpg 768w, https:\/\/paloportodos.com\/wp-content\/uploads\/2025\/04\/PAGONGO_LOGO_COMPLETO_DEF-1-e1744412523982.jpg 328w\" sizes=\"(max-width: 300px) 100vw, 300px\" \/><\/a>\n\t\t\t\t\t<!-- Logo Title -->\n\t\t\t\t\t\t\t\t\t\t\n\t\t\t\t\t<!-- Logo Category -->\n\t\t\t\t\t\t\t\t\t\t\n\t\t\t\t<\/div>\n\t\t\t<\/div>\n\n\t\t\n\t\t\t<div class=\"gs_logo_single--wrapper\">\n\t\t\t\t<div class=\"gs_logo_single\">\n\n\t\t\t\t\t<!-- Logo Img -->\n\t\t\t\t\t<a href=\"https:\/\/www.survivorfilter.com\/\" target=\"_blank\" rel=\"noopener\"><img loading=\"lazy\" decoding=\"async\" width=\"300\" height=\"81\" src=\"https:\/\/paloportodos.com\/wp-content\/uploads\/2025\/04\/Survivor_Filter_Logo_200x@2x-300x81.avif\" class=\"gray_to_def  gs-logo--img wp-post-image\" alt=\"\" title=\"Survivor Filter\" srcset=\"https:\/\/paloportodos.com\/wp-content\/uploads\/2025\/04\/Survivor_Filter_Logo_200x@2x-300x81.avif 300w, https:\/\/paloportodos.com\/wp-content\/uploads\/2025\/04\/Survivor_Filter_Logo_200x@2x.avif 400w\" sizes=\"(max-width: 300px) 100vw, 300px\" \/><\/a>\n\t\t\t\t\t<!-- Logo Title -->\n\t\t\t\t\t\t\t\t\t\t\n\t\t\t\t\t<!-- Logo Category -->\n\t\t\t\t\t\t\t\t\t\t\n\t\t\t\t<\/div>\n\t\t\t<\/div>\n\n\t\t\n\t\t\t<div class=\"gs_logo_single--wrapper\">\n\t\t\t\t<div class=\"gs_logo_single\">\n\n\t\t\t\t\t<!-- Logo Img -->\n\t\t\t\t\t<a href=\"https:\/\/watertogo.eu\/\" target=\"_blank\" rel=\"noopener\"><img loading=\"lazy\" decoding=\"async\" width=\"300\" height=\"114\" src=\"https:\/\/paloportodos.com\/wp-content\/uploads\/2025\/04\/download-1-e1744412213725.jpg\" class=\"gray_to_def  gs-logo--img wp-post-image\" alt=\"\" title=\"Water-to-Go\" \/><\/a>\n\t\t\t\t\t<!-- Logo Title -->\n\t\t\t\t\t\t\t\t\t\t\n\t\t\t\t\t<!-- Logo Category -->\n\t\t\t\t\t\t\t\t\t\t\n\t\t\t\t<\/div>\n\t\t\t<\/div>\n\n\t\t\n\t\t\t<div class=\"gs_logo_single--wrapper\">\n\t\t\t\t<div class=\"gs_logo_single\">\n\n\t\t\t\t\t<!-- Logo Img -->\n\t\t\t\t\t<a href=\"https:\/\/www.flyeuroatlantic.pt\/fly\/Fly-EuroAtlantic-Airways\" target=\"_blank\" rel=\"noopener\"><img loading=\"lazy\" decoding=\"async\" width=\"300\" height=\"90\" src=\"https:\/\/paloportodos.com\/wp-content\/uploads\/2025\/04\/azulescuro2-1-300x90.png\" class=\"gray_to_def  gs-logo--img wp-post-image\" alt=\"\" title=\"EuroAtlantic Airways\" srcset=\"https:\/\/paloportodos.com\/wp-content\/uploads\/2025\/04\/azulescuro2-1-300x90.png 300w, https:\/\/paloportodos.com\/wp-content\/uploads\/2025\/04\/azulescuro2-1-768x230.png 768w, https:\/\/paloportodos.com\/wp-content\/uploads\/2025\/04\/azulescuro2-1-e1744411205644.png 467w\" sizes=\"(max-width: 300px) 100vw, 300px\" \/><\/a>\n\t\t\t\t\t<!-- Logo Title -->\n\t\t\t\t\t\t\t\t\t\t\n\t\t\t\t\t<!-- Logo Category -->\n\t\t\t\t\t\t\t\t\t\t\n\t\t\t\t<\/div>\n\t\t\t<\/div>\n\n\t\t\t\t\n\t\n<\/div>\t\t\t<\/div>\n\t\t<\/div>\n\t\n\t\t<style>#gs_logo_area_50:not(.verticaltickerdown):not(.verticalticker) .gs_logo_container{margin-left:-5px}#gs_logo_area_50:not(.verticaltickerdown):not(.verticalticker) .gs_logo_container{margin-right:-5px}#gs_logo_area_50:not(.verticaltickerdown):not(.verticalticker) .gs_logo_single--wrapper{padding:5px}#gs_logo_area_50 ul.gs-logo-filter-cats{text-align:center!important}#gs_logo_area_50 .gs_logo_single--wrapper{width:20%}@media (max-width:1023px){#gs_logo_area_50 .gs_logo_single--wrapper{width:33.333333333333%}}@media (max-width:767px){#gs_logo_area_50 .gs_logo_single--wrapper{width:50%}}<\/style>\t\t\t\t<\/div>\n\t\t\t\t<\/div>\n\t\t\t\t\t<\/div>\n\t\t\t\t<\/div>\n\t\t<div class=\"elementor-element elementor-element-71d34ff e-flex e-con-boxed e-con e-parent\" data-id=\"71d34ff\" data-element_type=\"container\" data-e-type=\"container\">\n\t\t\t\t\t<div class=\"e-con-inner\">\n\t\t\t\t<div class=\"elementor-element elementor-element-39ddf0d elementor-widget elementor-widget-html\" data-id=\"39ddf0d\" data-element_type=\"widget\" data-e-type=\"widget\" data-widget_type=\"html.default\">\n\t\t\t\t<div class=\"elementor-widget-container\">\n\t\t\t\t\t<style>\r\n  .flag-icon {\r\n    width: 22px;  \/* Largura um pouco maior *\/\r\n    height: 20px; \/* Altura um pouco maior *\/\r\n    background-color: #424242;\r\n    opacity: 0.6; \/* Opacidade ligeiramente menor *\/\r\n    filter: grayscale(60%) brightness(90%);\r\n    transition: all 0.3s ease;\r\n  }\r\n\r\n  .flag-icon:hover {\r\n    opacity: 1;\r\n    filter: none;\r\n  }\r\n\r\n  .flag-link {\r\n    display: block;\r\n    width: 22px;\r\n    height: 20px;\r\n    margin-bottom: 4px; \/* Espa\u00e7o padr\u00e3o entre as bandeiras *\/\r\n  }\r\n\r\n  \/* Aumenta ligeiramente o espa\u00e7o s\u00f3 no telem\u00f3vel *\/\r\n  @media (max-width: 767px) {\r\n    .flag-link {\r\n      margin-bottom: 6px;\r\n    }\r\n  }\r\n<\/style>\r\n\r\n<li style=\"display:block;width:100px;height:auto;position:fixed;top:300px;left:0px;text-align:center;list-style:none;box-sizing:border-box;z-index:10000;overflow:hidden;float:none;clear:left;\">\r\n  \r\n  <!-- GUIN\u00c9-BISSAU -->\r\n  <a href=\"https:\/\/paloportodos.com\/en\/guine-bissau-2\/\" class=\"flag-link\" target=\"_blank\" rel=\"noopener\">\r\n    <img decoding=\"async\" src=\"https:\/\/flagcdn.com\/w40\/gw.png\" class=\"flag-icon\" style=\"width: 22px; height: 20px;\">\r\n  <\/a>\r\n\r\n  <!-- CABO VERDE -->\r\n  <a href=\"https:\/\/paloportodos.com\/en\/cabo-verde\/\" class=\"flag-link\" target=\"_blank\" rel=\"noopener\">\r\n    <img decoding=\"async\" src=\"https:\/\/flagcdn.com\/w40\/cv.png\" class=\"flag-icon\" style=\"width: 22px; height: 20px;\">\r\n  <\/a>\r\n\r\n  <!-- S\u00c3O TOM\u00c9 E PR\u00cdNCIPE -->\r\n  <a href=\"https:\/\/paloportodos.com\/en\/sao-tome-e-principe\/\" class=\"flag-link\" target=\"_blank\" rel=\"noopener\">\r\n    <img decoding=\"async\" src=\"https:\/\/flagcdn.com\/w40\/st.png\" class=\"flag-icon\" style=\"width: 22px; height: 20px;\">\r\n  <\/a>\r\n\r\n  <!-- ANGOLA -->\r\n  <a href=\"https:\/\/paloportodos.com\/en\/angola\/\" class=\"flag-link\" target=\"_blank\" rel=\"noopener\">\r\n    <img decoding=\"async\" src=\"https:\/\/flagcdn.com\/w40\/ao.png\" class=\"flag-icon\" style=\"width: 22px; height: 20px;\">\r\n  <\/a>\r\n\r\n  <!-- MO\u00c7AMBIQUE -->\r\n  <a href=\"https:\/\/paloportodos.com\/en\/mocambique\/\" class=\"flag-link\" target=\"_blank\" rel=\"noopener\">\r\n    <img decoding=\"async\" src=\"https:\/\/flagcdn.com\/w40\/mz.png\" class=\"flag-icon\" style=\"width: 22px; height: 20px;\">\r\n  <\/a>\r\n\r\n<\/li>\t\t\t\t<\/div>\n\t\t\t\t<\/div>\n\t\t\t\t\t<\/div>\n\t\t\t\t<\/div>\n\t\t\t\t<\/div>","protected":false},"excerpt":{"rendered":"<p>PARCERIAS S\u00e3o v\u00e1rias as marcas que confiam neste projeto. A todas deixo, desde j\u00e1, uma palavra de agradecimento. Com os produtos e servi\u00e7os que me foram fornecidos e gra\u00e7as \u00e0 sua inova\u00e7\u00e3o, utilidade e adaptabilidade, vou poder melhorar o conte\u00fado e a qualidade do PA-LO Por Todos!.&nbsp; Por considerar relevante a sua utiliza\u00e7\u00e3o em viagens [&hellip;]<\/p>","protected":false},"author":1,"featured_media":0,"parent":0,"menu_order":0,"comment_status":"closed","ping_status":"closed","template":"","meta":{"give_campaign_id":0,"site-sidebar-layout":"no-sidebar","site-content-layout":"page-builder","ast-site-content-layout":"full-width-container","site-content-style":"default","site-sidebar-style":"default","ast-global-header-display":"","ast-banner-title-visibility":"","ast-main-header-display":"","ast-hfb-above-header-display":"","ast-hfb-below-header-display":"","ast-hfb-mobile-header-display":"","site-post-title":"disabled","ast-breadcrumbs-content":"","ast-featured-img":"disabled","footer-sml-layout":"","ast-disable-related-posts":"","theme-transparent-header-meta":"enabled","adv-header-id-meta":"","stick-header-meta":"","header-above-stick-meta":"","header-main-stick-meta":"","header-below-stick-meta":"","astra-migrate-meta-layouts":"set","ast-page-background-enabled":"default","ast-page-background-meta":{"desktop":{"background-color":"","background-image":"","background-repeat":"repeat","background-position":"center center","background-size":"auto","background-attachment":"scroll","background-type":"","background-media":"","overlay-type":"","overlay-color":"","overlay-opacity":"","overlay-gradient":""},"tablet":{"background-color":"","background-image":"","background-repeat":"repeat","background-position":"center center","background-size":"auto","background-attachment":"scroll","background-type":"","background-media":"","overlay-type":"","overlay-color":"","overlay-opacity":"","overlay-gradient":""},"mobile":{"background-color":"","background-image":"","background-repeat":"repeat","background-position":"center center","background-size":"auto","background-attachment":"scroll","background-type":"","background-media":"","overlay-type":"","overlay-color":"","overlay-opacity":"","overlay-gradient":""}},"ast-content-background-meta":{"desktop":{"background-color":"var(--ast-global-color-5)","background-image":"","background-repeat":"repeat","background-position":"center center","background-size":"auto","background-attachment":"scroll","background-type":"","background-media":"","overlay-type":"","overlay-color":"","overlay-opacity":"","overlay-gradient":""},"tablet":{"background-color":"var(--ast-global-color-5)","background-image":"","background-repeat":"repeat","background-position":"center center","background-size":"auto","background-attachment":"scroll","background-type":"","background-media":"","overlay-type":"","overlay-color":"","overlay-opacity":"","overlay-gradient":""},"mobile":{"background-color":"var(--ast-global-color-5)","background-image":"","background-repeat":"repeat","background-position":"center center","background-size":"auto","background-attachment":"scroll","background-type":"","background-media":"","overlay-type":"","overlay-color":"","overlay-opacity":"","overlay-gradient":""}},"footnotes":""},"class_list":["post-1999","page","type-page","status-publish","hentry"],"campaignId":"","_links":{"self":[{"href":"https:\/\/paloportodos.com\/en\/wp-json\/wp\/v2\/pages\/1999","targetHints":{"allow":["GET"]}}],"collection":[{"href":"https:\/\/paloportodos.com\/en\/wp-json\/wp\/v2\/pages"}],"about":[{"href":"https:\/\/paloportodos.com\/en\/wp-json\/wp\/v2\/types\/page"}],"author":[{"embeddable":true,"href":"https:\/\/paloportodos.com\/en\/wp-json\/wp\/v2\/users\/1"}],"replies":[{"embeddable":true,"href":"https:\/\/paloportodos.com\/en\/wp-json\/wp\/v2\/comments?post=1999"}],"version-history":[{"count":20,"href":"https:\/\/paloportodos.com\/en\/wp-json\/wp\/v2\/pages\/1999\/revisions"}],"predecessor-version":[{"id":4566,"href":"https:\/\/paloportodos.com\/en\/wp-json\/wp\/v2\/pages\/1999\/revisions\/4566"}],"wp:attachment":[{"href":"https:\/\/paloportodos.com\/en\/wp-json\/wp\/v2\/media?parent=1999"}],"curies":[{"name":"wp","href":"https:\/\/api.w.org\/{rel}","templated":true}]}}